{"id":911,"date":"2018-07-09T10:37:07","date_gmt":"2018-07-09T08:37:07","guid":{"rendered":"https:\/\/tobeinmotion.ch\/seminare\/"},"modified":"2026-03-27T13:01:38","modified_gmt":"2026-03-27T12:01:38","slug":"seminare","status":"publish","type":"page","link":"https:\/\/tobeinmotion.ch\/en\/dance-therapy\/seminare\/","title":{"rendered":"Lehrtherapie\/Supervision"},"content":{"rendered":"<p><strong>Lehrtherapie und Supervision f\u00fcr Kunsttherapie nach dem Reglement von OdA Artecura<\/strong><\/p>\n<p>Suchst du eine Lehrtherapeutin\/Supervisorin f\u00fcr deine Kunst\/Tanztherapie-Aus\/Weiterbildung?<\/p>\n<p>Meine jahrzehntelange Erfahrung aus dem klinischen Bereich in unterschiedlichen Institutionen, meine Erfahrung als selbstst\u00e4ndige Tanztherapeutin sowie meine Wurzeln als T\u00e4nzerin bilden die Basis f\u00fcr die lehrtherapeutische Begleitung und Unterst\u00fctzung.<\/p>\n<p>Die<strong> Lehrtherapie<\/strong> erm\u00f6glicht dir, dich mit eigenen Themen auseinander zu setzen und zunehmend Ans\u00e4tze und Methoden der Tanztherapie kennen zu lernen und zuordnen zu k\u00f6nnen.<br \/>\nDie <strong>Supervision<\/strong> erm\u00f6glicht fachliche Unterst\u00fctzung f\u00fcr dein berufliches T\u00e4tigkeitsfeld.<\/p>\n<p>Der Rahmen und Umfang f\u00fcr die Anzahl der Lehrtherapie-Stunden wird durch das jeweilige Ausbildungs-Institut definiert.<br \/>\nDies gilt ebenfalls f\u00fcr Supervisionsstunden.<br \/>\nDie \u00fcbergeordneten Rahmenbedingungen erfolgen anhand der Bestimmungen der OdA Artecura. (Dachorganisation der Schweizer Berufsverb\u00e4nde f\u00fcr Therapien mit k\u00fcnstlerischen Medien)<\/p>\n<p>F\u00fcr Lehrtherapien konzentriere ich mich gerne auf Student:innen mit Ausbildung im Tanzbereich resp. mit allenfalls k\u00fcnstlerisch-t\u00e4nzerischem Berufshintergrund.<br \/>\nAls Supervisorin unterst\u00fctze ich gerne Kunsttherapeut:innen,\u00a0 welche im klinischen Setting oder ambulant selbstst\u00e4ndig t\u00e4tig sind.<\/p>\n<p>Kosten Lehrtherapie\/60min CHF 140.00<br \/>\nKosten Supervision\/60 &#8211; 75min CHF 180.00<\/p>\n<p><a class=\"link-button\" href=\"https:\/\/tobeinmotion.ch\/#contact\"><strong>Kontaktieren Sie mich<\/strong><\/a><\/p>\n","protected":false},"excerpt":{"rendered":"<p>Lehrtherapie und Supervision f\u00fcr Kunsttherapie nach dem Reglement von OdA Artecura Suchst du eine Lehrtherapeutin\/Supervisorin f\u00fcr deine Kunst\/Tanztherapie-Aus\/Weiterbildung? Meine jahrzehntelange Erfahrung aus dem klinischen Bereich in unterschiedlichen Institutionen, meine Erfahrung &#8230;<\/p>\n","protected":false},"author":2,"featured_media":844,"parent":1060,"menu_order":0,"comment_status":"closed","ping_status":"closed","template":"template-fullwidth.php","meta":{"inline_featured_image":false},"acf":[],"jetpack_sharing_enabled":true,"_links":{"self":[{"href":"https:\/\/tobeinmotion.ch\/en\/wp-json\/wp\/v2\/pages\/911"}],"collection":[{"href":"https:\/\/tobeinmotion.ch\/en\/wp-json\/wp\/v2\/pages"}],"about":[{"href":"https:\/\/tobeinmotion.ch\/en\/wp-json\/wp\/v2\/types\/page"}],"author":[{"embeddable":true,"href":"https:\/\/tobeinmotion.ch\/en\/wp-json\/wp\/v2\/users\/2"}],"replies":[{"embeddable":true,"href":"https:\/\/tobeinmotion.ch\/en\/wp-json\/wp\/v2\/comments?post=911"}],"version-history":[{"count":6,"href":"https:\/\/tobeinmotion.ch\/en\/wp-json\/wp\/v2\/pages\/911\/revisions"}],"predecessor-version":[{"id":1627,"href":"https:\/\/tobeinmotion.ch\/en\/wp-json\/wp\/v2\/pages\/911\/revisions\/1627"}],"up":[{"embeddable":true,"href":"https:\/\/tobeinmotion.ch\/en\/wp-json\/wp\/v2\/pages\/1060"}],"wp:featuredmedia":[{"embeddable":true,"href":"https:\/\/tobeinmotion.ch\/en\/wp-json\/wp\/v2\/media\/844"}],"wp:attachment":[{"href":"https:\/\/tobeinmotion.ch\/en\/wp-json\/wp\/v2\/media?parent=911"}],"curies":[{"name":"wp","href":"https:\/\/api.w.org\/{rel}","templated":true}]}}