{"id":910,"date":"2018-10-03T21:44:08","date_gmt":"2018-10-03T19:44:08","guid":{"rendered":"https:\/\/tobeinmotion.ch\/datenschutzverordnung\/"},"modified":"2024-05-12T11:29:45","modified_gmt":"2024-05-12T09:29:45","slug":"datenschutzverordnung","status":"publish","type":"page","link":"https:\/\/tobeinmotion.ch\/en\/datenschutzverordnung\/","title":{"rendered":"Datenschutzverordnung"},"content":{"rendered":"<p><strong>Datenschutzerkl\u00e4rung nach revDSG 01. September 2023<\/strong><\/p>\n<p>Diese Datenschutzerkl\u00e4rung informiert Sie \u00fcber die Datenbearbeitung, wenn Sie diese Webseite besuchen. Wir informieren au\u00dferdem \u00fcber die Rechte von Personen, deren Daten wir bearbeiten.<\/p>\n<p>F\u00fcr einzelne oder zus\u00e4tzliche Aktivit\u00e4ten und T\u00e4tigkeiten k\u00f6nnen weitere Datenschutzerkl\u00e4rungen sowie sonstige rechtliche Dokumente wie Nutzungsbedingungen oder Teilnahmebedingungen gelten.<\/p>\n<p>Wir behalten uns vor, diese Datenschutzinformation von Zeit zu Zeit anzupassen, damit sie stets den tats\u00e4chlichen und rechtlichen Gegebenheiten entspricht.<\/p>\n<p>Die Bearbeitung Ihrer Daten unterliegt dem Schweizerischen Recht sowie im Bereich des Web Trackings der Datenschutz-Grundverordnung der Europ\u00e4ischen Union (DSGVO).<\/p>\n<p><strong>Kontaktdaten des Verantwortlichen<\/strong><\/p>\n<p>to be in motion<br \/>\nAlexandra Gysel<br \/>\nFelsenstrasse 12<br \/>\n8008 Z\u00fcrich<\/p>\n<p><strong>Begriffe<\/strong><\/p>\n<p><strong>Personendaten<\/strong> sind <em>alle<\/em> Angaben, die sich auf eine bestimmte oder bestimmbare Person beziehen. Eine <strong>betroffene Person<\/strong> ist eine Person, \u00fcber die Personendaten bearbeitet werden.<\/p>\n<p><strong>Bearbeiten<\/strong> umfasst <em>jeden<\/em> Umgang mit Personendaten, <em>unabh\u00e4ngig<\/em> von den angewandten Mitteln und Verfahren, insbesondere das Aufbewahren, Bekanntgeben, Beschaffen, Erheben, L\u00f6schen, Speichern, Ver\u00e4ndern, Vernichten und Verwenden von Personendaten.<\/p>\n<p>Der <strong>Europ\u00e4ische Wirtschaftsraum (EWR)<\/strong> umfasst die Mitgliedstaaten der Europ\u00e4ischen Union (EU) sowie das F\u00fcrstentum Liechtenstein, Island und Norwegen. Die Datenschutz-Grundverordnung (DSGVO) bezeichnet die Bearbeitung von Personendaten als Verarbeitung von personenbezogenen Daten.<\/p>\n<p><strong>Datenbearbeitungen \u2013 Welche Daten sammeln wir von Ihnen und von wem erhalten wir diese Daten<\/strong><\/p>\n<p>In erster Linie bearbeiten wir Personendaten, die Sie uns \u00fcbermitteln.<br \/>\nUnter Umst\u00e4nden erhalten wir Personendaten \u00fcber Sie auch von Dritten. Das k\u00f6nnen folgende Kategorien sein:<\/p>\n<ul>\n<li>Personenstammdaten (Name, Adresse, Geburtsdaten, etc.)<\/li>\n<li>Kontaktdaten (Handynummer, E-Mailadresse, etc.)<\/li>\n<li>Onlinekennungen (bspw. IP-Adressen, Cookie-Kennungen)<\/li>\n<li>Besonders sch\u00fctzenswerte Daten (bspw. Angaben \u00fcber Ihre Gesundheit)<\/li>\n<\/ul>\n<p><strong>Datenbearbeitung \u2013 Unter welchen Voraussetzungen bearbeiten wir Ihre Daten?<\/strong><\/p>\n<p>Wir bearbeiten Ihre Daten nach Treu und Glauben und nach den in dieser Datenschutzerkl\u00e4rung festgelegten Zwecken. Wir achten dabei auf eine transparente und verh\u00e4ltnism\u00e4ssige Bearbeitung.<\/p>\n<p>Sollten wir diese Grunds\u00e4tze ausnahmsweise nicht einhalten k\u00f6nnen, kann die Datenbearbeitung trotzdem rechtm\u00e4ssig sein, weil ein Rechtfertigungsgrund vorliegt. Als Rechtfertigungsgrund kommt namentlich in Frage:<\/p>\n<ul>\n<li>Ihre Einwilligung<\/li>\n<\/ul>\n<p><strong>Datenbearbeitung \u2013 Wie k\u00f6nnen Sie Ihre Einwilligung widerrufen?<\/strong><\/p>\n<p>Haben Sie uns eine Einwilligung zur Bearbeitung Ihrer personenbezogenen Daten f\u00fcr bestimmte Zwecke erteilt, bearbeiten wir Ihre Daten im Rahmen dieser Einwilligung.<\/p>\n<p>Sie k\u00f6nnen Ihre erteilte Einwilligung jederzeit widerrufen und eine E-Mail an die im Impressum genannte Adresse schicken. Bereits erfolgte Datenverarbeitungen sind davon nicht betroffen.<\/p>\n<p>Haben Sie sich f\u00fcr unseren Newsletter angemeldet, k\u00f6nnen Sie auf den im Newsletter angegeben Link klicken, um sich abzumelden. (Aktuell wird kein Newsletter verschickt)<strong>\u00a0<\/strong><\/p>\n<p><strong>Datenbearbeitung \u2013 In welchen F\u00e4llen k\u00f6nnen wir Ihre Daten an Dritte weitergeben?<\/strong><\/p>\n<p><strong><em>Grundsatz<\/em><\/strong><\/p>\n<p>Wir sind unter Umst\u00e4nden darauf angewiesen, die Dienste Dritter oder von verbundenen Unternehmen in Anspruch zu nehmen und sie mit der Bearbeitung Ihrer Daten zu beauftragen. Wir stellen vertraglich sicher, dass Dritte und verbundene Unternehmen die Voraussetzungen des Datenschutzes einhalten.<\/p>\n<p><strong>Bearbeitungszwecke<\/strong><\/p>\n<p>Wir bearbeiten Ihre Daten zu folgenden Zwecken:<\/p>\n<ul>\n<li>Allgemeine Kommunikation mit Ihnen<\/li>\n<li>Rechnungsstellung<\/li>\n<\/ul>\n<p><strong>Wie lange bewahren wir Ihre Daten auf?<\/strong><\/p>\n<p>Wir speichern personenbezogene Daten nur so lange, wie dies erforderlich ist, um die einzelnen Zwecke, zu denen die Daten erhoben wurden, zu erf\u00fcllen.<\/p>\n<p><strong>Wie sch\u00fctzen wir Ihre Daten?<\/strong><\/p>\n<p>Wir bewahren Ihre Daten sicher auf und ergreifen alle angemessenen Massnahmen, um Ihre Daten vor Verlust, Zugriff, Missbrauch oder \u00c4nderungen zu sch\u00fctzen.<\/p>\n<p>Unsere Vertragspartner und Mitarbeitende, die Zugang zu Ihren Daten haben, sind zur Einhaltung der datenschutzrechtlichen Bestimmungen verpflichtet.<\/p>\n<p>Innerhalb unserer Webseite verwenden wir das SSL-Verfahren (Secure Socket Layer) in Verbindung mit der jeweils h\u00f6chsten Verschl\u00fcsselungsstufe, die von Ihrem Browser unterst\u00fctzt wird.<\/p>\n<p><strong>Datensicherheit und Sicherungsmassnahmen<\/strong><\/p>\n<p>Wir haben technische und organisatorische Ma\u00dfnahmen getroffen, die regelm\u00e4\u00dfig<\/p>\n<p>\u00fcberpr\u00fcft und dem technischen Fortschritt angepasst werden. Um Ihre Daten vor Verlust, Zugriff, Missbrauch und \u00c4nderung zu sch\u00fctzen<\/p>\n<p>Aufgrund der Struktur des Internets kann es jedoch vorkommen, dass Dritte Personen unrechtm\u00e4\u00dfig Daten offengelegt werden. Dies liegt jedoch nicht in unserem Verantwortungsbereich und wir haben aus technischer Sicht keinen Einfluss darauf. Wir empfehlen Ihnen daher, die von Ihnen zur Verf\u00fcgung gestellten Daten durch geeignete Ma\u00dfnahmen gegen Missbrauch zu sch\u00fctzen. Verwenden sie insbesondere besonders starke Passw\u00f6rter und geben Sie diese nicht an Dritte weiter<\/p>\n<p><strong>Welche Rechte haben Sie?<\/strong><\/p>\n<ol>\n<li><strong><em>Auskunftsrecht<\/em><\/strong><\/li>\n<\/ol>\n<p>Sie k\u00f6nnen jederzeit eine Auskunft, \u00fcber die von uns \u00fcber Sie gespeicherten Daten verlangen. Wir bitten Sie, Ihr Auskunftsgesuch zusammen mit einem Identit\u00e4tsnachweis an<\/p>\n<p><strong>\u00a0 info@tobeinmotion.ch <\/strong>zu senden.<\/p>\n<p>Sie haben ausserdem das Recht, Ihre Daten in einem g\u00e4ngigen Dateiformat zu erhalten, wenn Sie Ihre Einwilligung f\u00fcr die Bearbeitung dieser Daten erteilt haben.<\/p>\n<p>Wir k\u00f6nnen die Auskunft bzw. Datenherausgabe einschr\u00e4nken oder verweigern, wenn dies unseren gesetzlichen Verpflichtungen, berechtigten eigenen oder \u00f6ffentlichen Interessen oder Interessen einer Drittperson entgegensteht.<\/p>\n<p>Die Bearbeitung Ihres Gesuchs unterliegt der gesetzlichen Bearbeitungsfrist von 30 Tagen. Diese Frist d\u00fcrfen wir jedoch aufgrund von hohem Anfragevolumen, aus rechtlichen oder technischen Gr\u00fcnden oder weil wir n\u00e4here Angaben von Ihnen ben\u00f6tigen, verl\u00e4ngern. Sie werden \u00fcber die Fristverl\u00e4ngerung rechtzeitig mind. in Textform informiert<\/p>\n<p>Die Daten werden Ihnen ausschliesslich pers\u00f6nlich \u00fcbergeben oder auf dem Postweg versandt.<\/p>\n<ol>\n<li><strong><em>L\u00f6schung und Berichtigung<\/em><\/strong><\/li>\n<\/ol>\n<p>Sie haben jederzeit die M\u00f6glichkeit, die L\u00f6schung oder Berichtigung Ihrer Daten zu verlangen. Wir k\u00f6nnen das Gesuch abweisen, wenn gesetzliche Vorschriften uns zur l\u00e4ngeren bzw. unver\u00e4nderten Aufbewahrung verpflichten oder ein Erlaubnistatbestand Ihrem Gesuch entgegensteht.<\/p>\n<ol>\n<li><strong><em>Rechtsweg<\/em><\/strong><\/li>\n<\/ol>\n<p>Sind Sie von der Bearbeitung personenbezogener Daten betroffen, haben Sie das Recht, Ihre Rechte gerichtlich durchzusetzen oder bei der zust\u00e4ndigen Aufsichtsbeh\u00f6rde eine Meldung einzureichen. Die zust\u00e4ndige Aufsichtsbeh\u00f6rde in der Schweiz ist der Eidgen\u00f6ssische Datenschutz- und \u00d6ffentlichkeitsbeauftragte:\u00a0<a href=\"http:\/\/www.edoeb.admin.ch\/\">ED\u00d6P Schweiz<\/a><\/p>\n<p><strong>Einzelne Datenbearbeitungen<\/strong><\/p>\n<p><strong>Bereitstellung und Nutzung der Webseite<\/strong><\/p>\n<p>Beim Besuch unserer Webseite werden automatisch Daten von Ihrem Browser an<\/p>\n<p>unseren Server gesendet. Die geschient, um einen reibungslosen Verbindungsauf der Webseite zu gew\u00e4hrleisten und eine sichere und komfortable Nutzung der Webseite sicherzustellen. Es k\u00f6nnen insbesondere folgend Daten bearbeitet werden<\/p>\n<ul>\n<li>IP-Adresse (unter Umst\u00e4nden)<\/li>\n<li>Den Namen Ihres Internetproviders<\/li>\n<li>Die Version Ihrer Browser-Software<\/li>\n<li>das Betriebssystem des Rechners mit dem auf URL zugegriffen wird<\/li>\n<li>das Datum und die Uhrzeit des Zugriffs<\/li>\n<li>die Webseite, von der aus Sie die URL besuchen<\/li>\n<li>die Suchw\u00f6rter, die Sie benutzt haben, um die URL zu finden<\/li>\n<\/ul>\n<p><strong>Weshalb d\u00fcrfen wir diese Daten bearbeiten?<\/strong><br \/>\nDiese Daten k\u00f6nnen keiner bestimmten Person zugeordnet werden und es findet keine Zusammenf\u00fchrung dieser Daten mit anderen Datenquellen statt. Die Speicherung der Logfiles erfolgt, um die Funktionsf\u00e4higkeit der Webseite zu garantieren und zur Sicherstellung der Sicherheit unserer informationstechnischen Systeme. Hierin besteht unser berechtigtes Interesse.<\/p>\n<p><strong>Wie k\u00f6nnen Sie die Datenerfassung verhindern?<\/strong><br \/>\nDie Daten werden nur so lange gespeichert, wie dies zur Erreichung des Zweckes ihrer Erhebung notwendig ist. Dementsprechend werden die Daten nach Beendigung jeder Sitzung gel\u00f6scht. Die Speicherung der Logfiles ist f\u00fcr den Betrieb der Webseite zwingend notwendig, Sie haben daher keine M\u00f6glichkeit dagegen Widerspruch zu erhebenSollten Sie sich auf unserer Buchungsseite registrieren bzw. ein Nutzerkonto anlegen, werden folgende Personendaten zwingend bearbeitet:<\/p>\n<ul>\n<li>E-Mail-Adresse<\/li>\n<li>Name und Adresse<\/li>\n<li>Land<\/li>\n<li>Telefonnummer<\/li>\n<\/ul>\n<p><strong>Weshalb d\u00fcrfen wir diese Daten bearbeiten?<\/strong><br \/>\nDiese Daten m\u00fcssen erfasst werden damit eine korrekte Teilnehmerbest\u00e4tigung generiert werden und der Kurs, Workshop, etc. in Rechnung gestellt werden kann.<\/p>\n<p><strong>Wie k\u00f6nnen Sie die Datenerfassung verhindern?<\/strong><br \/>\nDie Daten werden nur so lange gespeichert, wie dies zur Erreichung des Zweckes ihrer Erhebung notwendig ist. Wenn Sie an einem Kurs, etc. teilnehmen wollen, werden diese Daten zwingend ben\u00f6tigt, Sie haben daher keine M\u00f6glichkeit dagegen Widerspruch zu erheben.<\/p>\n<p><strong>Cookies<\/strong><\/p>\n<p>Diese Webseite kann Cookies einsetzen. Cookies sind kleine Datenst\u00fccke, die im Browser des Webseiten-Besuchers gespeichert werden. Cookies werden f\u00fcr die Sicherheit dieser Webseite, f\u00fcr die Messung der Systemaktivit\u00e4ten sowie f\u00fcr ein optimales Besuchserlebnis eingesetzt. Anhand von Cookies k\u00f6nnen Ihre Bewegungen und Aktionen auf dieser Webseite verfolgt werden.<\/p>\n<p>Sie k\u00f6nnen \u00fcber den Cookie-Banner sowie in Ihren Browsereinstellungen die<\/p>\n<p>Konfiguration f\u00fcr Cookies auf Ihrem Endger\u00e4t vornehmen. Beachten Sie bitte, dass bei einer vollst\u00e4ndigen Deaktivierung der Cookies unter Umst\u00e4nden nicht mehr alle<\/p>\n<p>Funktionen dieser Webseite genutzt werden k\u00f6nnen.<\/p>\n<p><strong>Audio- und Videokonferenzen <\/strong><\/p>\n<p>F\u00fcr Video-Sitzungen geben Sie vorab Ihre Einwilligung, ein vorgeschlagenes Tool gemeinsam zu benutzen.<\/p>\n<p><strong>Google Dienste<\/strong><\/p>\n<p>Folgende Dienste von Google werden f\u00fcr die Webseite eingesetzt:<\/p>\n<p><em>Google Maps<\/em><\/p>\n<p>Mit Google Maps wird Ihnen auf dieser Webseite eine Karte mit Funktionen f\u00fcr eine komfortable Nutzung angezeigt.<\/p>\n<p><em>Google Web Fonts<\/em><\/p>\n<p>Wir benutzen auf unserer Webseite zur einheitlichen Darstellung von Schriftarten so genannte Web- Fonts, die von Google bereitgestellt werden. Beim Aufruf einer unserer Seiten l\u00e4dt Ihr Browser die ben\u00f6tigten Web-Fonts in Ihren Browsercache, um Texte und Schriftarten korrekt anzuzeigen.<\/p>\n<p>Erfahren Sie zu den Google-Diensten hier mehr: <a href=\"https:\/\/policies.google.com\/privacy?hl=de.\">Google Policies<\/a><\/p>\n<p><strong>Soziale Netzwerke (Social Media)<\/strong><\/p>\n<p>Wir benutzen keinen direkten Links zu Sozialen Netzwerken auf unserer Website.<\/p>\n<p><strong>Digitale Infrastruktur<\/strong><\/p>\n<p>Wir nutzen Dienste von spezialisierten Dritten, um ben\u00f6tigte Infrastruktur im Zusammenhang mit unseren Aktivit\u00e4ten und T\u00e4tigkeiten in Anspruch nehmen zu k\u00f6nnen:<\/p>\n<p>Dienste von Anbietern f\u00fcr die Bearbeitung von Daten f\u00fcr die Krankenkassen notwendigen Dokumente in der Schweiz.<\/p>\n<p>Technischer Support f\u00fcr diese Website von Website-Agenturen oder IT-Unternehmen in der Schweiz.<\/p>\n<p><strong>Urheberrechte<\/strong><\/p>\n<p>Die Inhalte dieser Webseite, insbesondere Texte, Grafiken, Fotos und herunterladbare Dateien, sind urheberrechtlich gesch\u00fctzt. Das Speichern dieser Inhalte auf einem privaten Computer f\u00fcr den nicht-kommerziellen und pers\u00f6nlichen Gebrauch ist zul\u00e4ssig.<\/p>\n<p>Die Urheber- und alle anderen Rechte an Inhalten, Bildern, Fotos oder anderen Dateien auf der Website, geh\u00f6ren ausschliesslich dem Betreiber dieser Website oder den speziell genannten Rechteinhabern. F\u00fcr die Reproduktion von s\u00e4mtlichen Dateien, ist die schriftliche Zustimmung des Urheberrechtstr\u00e4gers im Voraus einzuholen.<\/p>\n","protected":false},"excerpt":{"rendered":"<p>Datenschutzerkl\u00e4rung nach revDSG 01. September 2023 Diese Datenschutzerkl\u00e4rung informiert Sie \u00fcber die Datenbearbeitung, wenn Sie diese Webseite besuchen. Wir informieren au\u00dferdem \u00fcber die Rechte von Personen, deren Daten wir bearbeiten. &#8230;<\/p>\n","protected":false},"author":2,"featured_media":0,"parent":0,"menu_order":0,"comment_status":"closed","ping_status":"closed","template":"","meta":{"inline_featured_image":false},"acf":[],"jetpack_sharing_enabled":true,"_links":{"self":[{"href":"https:\/\/tobeinmotion.ch\/en\/wp-json\/wp\/v2\/pages\/910"}],"collection":[{"href":"https:\/\/tobeinmotion.ch\/en\/wp-json\/wp\/v2\/pages"}],"about":[{"href":"https:\/\/tobeinmotion.ch\/en\/wp-json\/wp\/v2\/types\/page"}],"author":[{"embeddable":true,"href":"https:\/\/tobeinmotion.ch\/en\/wp-json\/wp\/v2\/users\/2"}],"replies":[{"embeddable":true,"href":"https:\/\/tobeinmotion.ch\/en\/wp-json\/wp\/v2\/comments?post=910"}],"version-history":[{"count":4,"href":"https:\/\/tobeinmotion.ch\/en\/wp-json\/wp\/v2\/pages\/910\/revisions"}],"predecessor-version":[{"id":1358,"href":"https:\/\/tobeinmotion.ch\/en\/wp-json\/wp\/v2\/pages\/910\/revisions\/1358"}],"wp:attachment":[{"href":"https:\/\/tobeinmotion.ch\/en\/wp-json\/wp\/v2\/media?parent=910"}],"curies":[{"name":"wp","href":"https:\/\/api.w.org\/{rel}","templated":true}]}}